{"id":255,"date":"2025-06-16T12:40:02","date_gmt":"2025-06-16T12:40:02","guid":{"rendered":"https:\/\/s-wind.online\/?page_id=255"},"modified":"2025-06-16T12:40:02","modified_gmt":"2025-06-16T12:40:02","slug":"podminky-a-pravidla","status":"publish","type":"page","link":"https:\/\/s-wind.online\/?page_id=255","title":{"rendered":"Podm\u00ednky a pravidla"},"content":{"rendered":"<p>P\u0159ed pou\u017eit\u00edm na\u0161\u00ed slu\u017eby si pros\u00edm pe\u010dliv\u011b p\u0159e\u010dt\u011bte tyto podm\u00ednky.<\/p>\n<h2>V\u00fdklad a definice<\/h2>\n<h3>V\u00fdklad<\/h3>\n<p>Slova, jejich\u017e po\u010d\u00e1te\u010dn\u00ed p\u00edsmeno je ps\u00e1no velk\u00fdm p\u00edsmenem, maj\u00ed v\u00fdznam definovan\u00fd za n\u00e1sleduj\u00edc\u00edch podm\u00ednek. N\u00e1sleduj\u00edc\u00ed definice maj\u00ed stejn\u00fd v\u00fdznam bez ohledu na to, zda jsou uvedeny v jednotn\u00e9m nebo mno\u017en\u00e9m \u010d\u00edsle.<\/p>\n<h3>Definice<\/h3>\n<p>Pro \u00fa\u010dely t\u011bchto smluvn\u00edch podm\u00ednek:<\/p>\n<ul>\n<li><strong>P\u0159idru\u017een\u00fdm subjektem<\/strong> se rozum\u00ed subjekt, kter\u00fd stranu ovl\u00e1d\u00e1, je j\u00ed ovl\u00e1d\u00e1n nebo je s n\u00ed pod spole\u010dnou kontrolou, p\u0159i\u010dem\u017e &#8222;kontrolou&#8220; se rozum\u00ed vlastnictv\u00ed 50 % nebo v\u00edce akci\u00ed, majetkov\u00fdch pod\u00edl\u016f nebo jin\u00fdch cenn\u00fdch pap\u00edr\u016f, kter\u00e9 oprav\u0148uj\u00ed k hlasov\u00e1n\u00ed p\u0159i volb\u011b \u0159editel\u016f nebo jin\u00fdch \u0159\u00edd\u00edc\u00edch org\u00e1n\u016f.<\/li>\n<li><strong>Zem\u011b<\/strong> se t\u00fdk\u00e1: Praha, D\u011b\u010d\u00ednsk\u00e1.<\/li>\n<li><strong>Spole\u010dnost<\/strong> (v t\u00e9to smlouv\u011b ozna\u010dovan\u00e1 jako &#8222;spole\u010dnost&#8220;, &#8222;my&#8220;, &#8222;n\u00e1s&#8220; nebo &#8222;na\u0161e&#8220;) se vztahuje na SolarWind Token s.r.o., D\u011b\u010d\u00ednsk\u00e1 552\/1, St\u0159\u00ed\u017ekov, 180 00 Praha 8.<\/li>\n<li><strong>Za\u0159\u00edzen\u00edm<\/strong> se rozum\u00ed jak\u00e9koliv za\u0159\u00edzen\u00ed, kter\u00e9 m\u00e1 p\u0159\u00edstup ke slu\u017eb\u011b, nap\u0159\u00edklad po\u010d\u00edta\u010d, mobiln\u00ed telefon nebo digit\u00e1ln\u00ed tablet.<\/li>\n<li><strong>Slu\u017eba<\/strong> se vztahuje na Webov\u00e9 str\u00e1nky.<\/li>\n<li><strong>Podm\u00ednky<\/strong> (d\u00e1le tak\u00e9 &#8222;Podm\u00ednky&#8220;) znamenaj\u00ed tyto Podm\u00ednky, kter\u00e9 tvo\u0159\u00ed \u00faplnou dohodu mezi v\u00e1mi a Spole\u010dnost\u00ed ohledn\u011b pou\u017e\u00edv\u00e1n\u00ed Slu\u017eby.<\/li>\n<li><strong>Slu\u017ebou soci\u00e1ln\u00edch m\u00e9di\u00ed t\u0159et\u00ed strany<\/strong> se rozum\u00ed jak\u00e9koli slu\u017eby nebo obsah (v\u010detn\u011b dat, informac\u00ed, produkt\u016f nebo slu\u017eeb) poskytovan\u00e9 t\u0159et\u00ed stranou, kter\u00e9 mohou b\u00fdt zobrazeny, zahrnuty nebo zp\u0159\u00edstupn\u011bny prost\u0159ednictv\u00edm Slu\u017eby.<\/li>\n<li><strong>Webov\u00e9 str\u00e1nky<\/strong> odkazuj\u00ed na SolarWind Token s.r.o., dostupn\u00e9 z <a href=\"https:\/\/s-wind.online\/\" target=\"_blank\" rel=\"external nofollow noopener\">https:\/\/s-wind.online\/<\/a>.<\/li>\n<li><strong>Vy<\/strong> znamen\u00e1 fyzickou osobu, kter\u00e1 p\u0159istupuje ke Slu\u017eb\u011b nebo ji pou\u017e\u00edv\u00e1, p\u0159\u00edpadn\u011b spole\u010dnost nebo jinou pr\u00e1vnickou osobu, jej\u00edm\u017e jm\u00e9nem tato osoba p\u0159istupuje ke Slu\u017eb\u011b nebo ji pou\u017e\u00edv\u00e1.<\/li>\n<\/ul>\n<h2>Pod\u011bkov\u00e1n\u00ed<\/h2>\n<p>Toto jsou podm\u00ednky, kter\u00fdmi se \u0159\u00edd\u00ed pou\u017e\u00edv\u00e1n\u00ed t\u00e9to slu\u017eby, a smlouva, kter\u00e1 plat\u00ed mezi v\u00e1mi a spole\u010dnost\u00ed. Tyto podm\u00ednky stanovuj\u00ed pr\u00e1va a povinnosti v\u0161ech u\u017eivatel\u016f t\u00fdkaj\u00edc\u00ed se pou\u017e\u00edv\u00e1n\u00ed Slu\u017eby.<\/p>\n<p>V\u00e1\u0161 p\u0159\u00edstup ke slu\u017eb\u011b a jej\u00ed pou\u017e\u00edv\u00e1n\u00ed je podm\u00edn\u011bno p\u0159ijet\u00edm a dodr\u017eov\u00e1n\u00edm t\u011bchto smluvn\u00edch podm\u00ednek. Tyto podm\u00ednky se vztahuj\u00ed na v\u0161echny n\u00e1v\u0161t\u011bvn\u00edky, u\u017eivatele a dal\u0161\u00ed osoby, kter\u00e9 p\u0159istupuj\u00ed ke slu\u017eb\u011b nebo ji pou\u017e\u00edvaj\u00ed.<\/p>\n<p>P\u0159\u00edstupem ke slu\u017eb\u011b nebo jej\u00edm pou\u017e\u00edv\u00e1n\u00edm souhlas\u00edte s t\u011bmito podm\u00ednkami. Pokud s jakoukoli \u010d\u00e1st\u00ed t\u011bchto podm\u00ednek nesouhlas\u00edte, nesm\u00edte ke slu\u017eb\u011b p\u0159istupovat.<\/p>\n<p>Prohla\u0161ujete, \u017ee jste star\u0161\u00ed 18 let. Spole\u010dnost nedovoluje osob\u00e1m mlad\u0161\u00edm 18 let pou\u017e\u00edvat slu\u017ebu.<\/p>\n<p>V\u00e1\u0161 p\u0159\u00edstup ke Slu\u017eb\u011b a jej\u00ed pou\u017e\u00edv\u00e1n\u00ed je rovn\u011b\u017e podm\u00edn\u011bno Va\u0161\u00edm souhlasem se Z\u00e1sadami ochrany osobn\u00edch \u00fadaj\u016f Spole\u010dnosti a jejich dodr\u017eov\u00e1n\u00edm. Na\u0161e Z\u00e1sady ochrany osobn\u00edch \u00fadaj\u016f popisuj\u00ed na\u0161e z\u00e1sady a postupy t\u00fdkaj\u00edc\u00ed se shroma\u017e\u010fov\u00e1n\u00ed, pou\u017e\u00edv\u00e1n\u00ed a zve\u0159ej\u0148ov\u00e1n\u00ed Va\u0161ich osobn\u00edch \u00fadaj\u016f p\u0159i pou\u017e\u00edv\u00e1n\u00ed Aplikace nebo Webov\u00fdch str\u00e1nek a informuj\u00ed V\u00e1s o Va\u0161ich pr\u00e1vech na ochranu osobn\u00edch \u00fadaj\u016f a o tom, jak V\u00e1s chr\u00e1n\u00ed z\u00e1kon. Ne\u017e za\u010dnete pou\u017e\u00edvat Na\u0161e slu\u017eby, p\u0159e\u010dt\u011bte si pros\u00edm pe\u010dliv\u011b Na\u0161e z\u00e1sady ochrany osobn\u00edch \u00fadaj\u016f.<\/p>\n<h2>Odkazy na dal\u0161\u00ed webov\u00e9 str\u00e1nky<\/h2>\n<p>Na\u0161e slu\u017eba m\u016f\u017ee obsahovat odkazy na webov\u00e9 str\u00e1nky nebo slu\u017eby t\u0159et\u00edch stran, kter\u00e9 spole\u010dnost nevlastn\u00ed ani nekontroluje.<\/p>\n<p>Spole\u010dnost nem\u00e1 \u017e\u00e1dnou kontrolu nad obsahem, z\u00e1sadami ochrany osobn\u00edch \u00fadaj\u016f nebo postupy jak\u00fdchkoli webov\u00fdch str\u00e1nek nebo slu\u017eeb t\u0159et\u00edch stran a nenese za n\u011b \u017e\u00e1dnou odpov\u011bdnost. D\u00e1le berete na v\u011bdom\u00ed a souhlas\u00edte s t\u00edm, \u017ee spole\u010dnost nenese p\u0159\u00edmou ani nep\u0159\u00edmou odpov\u011bdnost za jak\u00e9koli \u0161kody nebo ztr\u00e1ty zp\u016fsoben\u00e9 nebo \u00fadajn\u011b zp\u016fsoben\u00e9 pou\u017e\u00edv\u00e1n\u00edm nebo v souvislosti s pou\u017e\u00edv\u00e1n\u00edm nebo spol\u00e9h\u00e1n\u00edm se na jak\u00fdkoli obsah, zbo\u017e\u00ed nebo slu\u017eby dostupn\u00e9 na takov\u00fdch webov\u00fdch str\u00e1nk\u00e1ch nebo prost\u0159ednictv\u00edm takov\u00fdch webov\u00fdch str\u00e1nek nebo slu\u017eeb.<\/p>\n<p>D\u016frazn\u011b v\u00e1m doporu\u010dujeme, abyste si p\u0159e\u010detli podm\u00ednky a z\u00e1sady ochrany osobn\u00edch \u00fadaj\u016f v\u0161ech webov\u00fdch str\u00e1nek nebo slu\u017eeb t\u0159et\u00edch stran, kter\u00e9 nav\u0161t\u00edv\u00edte.<\/p>\n<h2>Ukon\u010den\u00ed<\/h2>\n<p>V\u00e1\u0161 p\u0159\u00edstup m\u016f\u017eeme okam\u017eit\u011b ukon\u010dit nebo pozastavit, a to bez p\u0159edchoz\u00edho upozorn\u011bn\u00ed nebo odpov\u011bdnosti, z jak\u00e9hokoli d\u016fvodu, mimo jin\u00e9 i v p\u0159\u00edpad\u011b, \u017ee poru\u0161\u00edte tyto podm\u00ednky.<\/p>\n<p>Po ukon\u010den\u00ed smlouvy va\u0161e pr\u00e1vo na pou\u017e\u00edv\u00e1n\u00ed slu\u017eby okam\u017eit\u011b zanik\u00e1.<\/p>\n<h2>Omezen\u00ed odpov\u011bdnosti<\/h2>\n<p>Bez ohledu na jak\u00e9koli \u0161kody, kter\u00e9 by v\u00e1m mohly vzniknout, je ve\u0161ker\u00e1 odpov\u011bdnost spole\u010dnosti a jak\u00e9hokoli jej\u00edho dodavatele podle jak\u00e9hokoli ustanoven\u00ed t\u011bchto podm\u00ednek a v\u00e1\u0161 v\u00fdhradn\u00ed opravn\u00fd prost\u0159edek pro v\u0161echny v\u00fd\u0161e uveden\u00e9 p\u0159\u00edpady omezen na \u010d\u00e1stku, kterou jste skute\u010dn\u011b zaplatili prost\u0159ednictv\u00edm slu\u017eby, nebo na 100 USD, pokud jste si prost\u0159ednictv\u00edm slu\u017eby nic nezakoupili.<\/p>\n<p>V maxim\u00e1ln\u00edm rozsahu povolen\u00e9m platn\u00fdmi pr\u00e1vn\u00edmi p\u0159edpisy nenese spole\u010dnost ani jej\u00ed dodavatel\u00e9 v \u017e\u00e1dn\u00e9m p\u0159\u00edpad\u011b odpov\u011bdnost za jak\u00e9koli zvl\u00e1\u0161tn\u00ed, n\u00e1hodn\u00e9, nep\u0159\u00edm\u00e9 nebo n\u00e1sledn\u00e9 \u0161kody (mimo jin\u00e9 v\u010detn\u011b \u0161kod za ztr\u00e1tu zisku, ztr\u00e1tu dat nebo jin\u00fdch informac\u00ed, za p\u0159eru\u0161en\u00ed provozu, za \u00fajmu na zdrav\u00ed, ztr\u00e1ty soukrom\u00ed, kter\u00e9 vznikly v d\u016fsledku nebo v jak\u00e9koliv souvislosti s pou\u017e\u00edv\u00e1n\u00edm nebo nemo\u017enost\u00ed pou\u017e\u00edvat Slu\u017ebu, software t\u0159et\u00edch stran a\/nebo hardware t\u0159et\u00edch stran pou\u017e\u00edvan\u00fd se Slu\u017ebou nebo jinak v souvislosti s jak\u00fdmkoliv ustanoven\u00edm t\u011bchto Podm\u00ednek), a to i v p\u0159\u00edpad\u011b, \u017ee Spole\u010dnost nebo jak\u00fdkoliv dodavatel byli na mo\u017enost takov\u00fdch \u0161kod upozorn\u011bni, a i v p\u0159\u00edpad\u011b, \u017ee n\u00e1pravn\u00e9 opat\u0159en\u00ed nespln\u00ed sv\u016fj z\u00e1kladn\u00ed \u00fa\u010del.<\/p>\n<p>N\u011bkter\u00e9 st\u00e1ty neumo\u017e\u0148uj\u00ed vylou\u010den\u00ed p\u0159edpokl\u00e1dan\u00fdch z\u00e1ruk nebo omezen\u00ed odpov\u011bdnosti za n\u00e1hodn\u00e9 nebo n\u00e1sledn\u00e9 \u0161kody, co\u017e znamen\u00e1, \u017ee n\u011bkter\u00e1 z v\u00fd\u0161e uveden\u00fdch omezen\u00ed nemus\u00ed platit. V t\u011bchto st\u00e1tech bude odpov\u011bdnost ka\u017ed\u00e9 ze stran omezena v nejvy\u0161\u0161\u00edm z\u00e1konem povolen\u00e9m rozsahu.<\/p>\n<h2>Z\u0159eknut\u00ed se odpov\u011bdnosti &#8222;JAK JE&#8220; a &#8222;JAK JE K DISPOZICI&#8220;<\/h2>\n<p>Slu\u017eba je v\u00e1m poskytov\u00e1na &#8222;TAK, JAK JE&#8220; a &#8222;TAK, JAK JE DOSTUPN\u00c1&#8220; a se v\u0161emi vadami a nedostatky bez jak\u00e9koliv z\u00e1ruky. V maxim\u00e1ln\u00edm rozsahu povolen\u00e9m platn\u00fdmi pr\u00e1vn\u00edmi p\u0159edpisy se Spole\u010dnost sv\u00fdm jm\u00e9nem a jm\u00e9nem sv\u00fdch p\u0159idru\u017een\u00fdch spole\u010dnost\u00ed a sv\u00fdch a jejich p\u0159\u00edslu\u0161n\u00fdch poskytovatel\u016f licenc\u00ed a slu\u017eeb v\u00fdslovn\u011b z\u0159\u00edk\u00e1 v\u0161ech z\u00e1ruk, a\u0165 u\u017e v\u00fdslovn\u00fdch, p\u0159edpokl\u00e1dan\u00fdch, z\u00e1konn\u00fdch nebo jin\u00fdch, t\u00fdkaj\u00edc\u00edch se Slu\u017eby, v\u010detn\u011b v\u0161ech p\u0159edpokl\u00e1dan\u00fdch z\u00e1ruk prodejnosti, vhodnosti pro ur\u010dit\u00fd \u00fa\u010del, vlastnictv\u00ed a neporu\u0161ov\u00e1n\u00ed pr\u00e1v a z\u00e1ruk, kter\u00e9 mohou vypl\u00fdvat z obchodn\u00edho styku, pr\u016fb\u011bhu pln\u011bn\u00ed, zvyklost\u00ed nebo obchodn\u00edch zvyklost\u00ed. Bez omezen\u00ed v\u00fd\u0161e uveden\u00e9ho spole\u010dnost neposkytuje \u017e\u00e1dnou z\u00e1ruku ani se nezavazuje a neprohla\u0161uje, \u017ee slu\u017eba bude spl\u0148ovat va\u0161e po\u017eadavky, \u017ee dos\u00e1hne zam\u00fd\u0161len\u00fdch v\u00fdsledk\u016f, \u017ee bude kompatibiln\u00ed nebo bude fungovat s jin\u00fdm softwarem, aplikacemi, syst\u00e9my nebo slu\u017ebami, \u017ee bude fungovat bez p\u0159eru\u0161en\u00ed, \u017ee bude spl\u0148ovat jak\u00e9koli normy v\u00fdkonu nebo spolehlivosti, \u017ee bude bezchybn\u00e1 nebo \u017ee jak\u00e9koli chyby nebo nedostatky mohou b\u00fdt nebo budou opraveny.<\/p>\n<p>Ani\u017e by t\u00edm bylo omezeno v\u00fd\u0161e uveden\u00e9, spole\u010dnost ani \u017e\u00e1dn\u00fd z jej\u00edch poskytovatel\u016f neposkytuje \u017e\u00e1dn\u00e9 prohl\u00e1\u0161en\u00ed ani z\u00e1ruku jak\u00e9hokoli druhu, v\u00fdslovnou ani p\u0159edpokl\u00e1danou: (i) pokud jde o fungov\u00e1n\u00ed nebo dostupnost slu\u017eby nebo informac\u00ed, obsahu a materi\u00e1l\u016f \u010di produkt\u016f v n\u00ed obsa\u017een\u00fdch; (ii) \u017ee slu\u017eba bude nep\u0159etr\u017eit\u00e1 nebo bezchybn\u00e1; (iii) pokud jde o p\u0159esnost, spolehlivost nebo aktu\u00e1lnost jak\u00fdchkoli informac\u00ed nebo obsahu poskytovan\u00e9ho prost\u0159ednictv\u00edm slu\u017eby; nebo (iv) \u017ee slu\u017eba, jej\u00ed servery, obsah nebo e-maily odes\u00edlan\u00e9 ze spole\u010dnosti nebo jej\u00edm jm\u00e9nem neobsahuj\u00ed viry, skripty, trojsk\u00e9 kon\u011b, \u010dervy, malware, \u010dasovan\u00e9 bomby nebo jin\u00e9 \u0161kodliv\u00e9 komponenty.<\/p>\n<p>N\u011bkter\u00e9 jurisdikce neumo\u017e\u0148uj\u00ed vylou\u010den\u00ed ur\u010dit\u00fdch typ\u016f z\u00e1ruk nebo omezen\u00ed p\u0159\u00edslu\u0161n\u00fdch z\u00e1konn\u00fdch pr\u00e1v spot\u0159ebitele, tak\u017ee se na v\u00e1s n\u011bkter\u00e9 nebo v\u0161echny v\u00fd\u0161e uveden\u00e9 v\u00fdjimky a omezen\u00ed nemus\u00ed vztahovat. V takov\u00e9m p\u0159\u00edpad\u011b se v\u0161ak vylou\u010den\u00ed a omezen\u00ed uveden\u00e1 v tomto odd\u00edle pou\u017eij\u00ed v nejvy\u0161\u0161\u00edm rozsahu, kter\u00fd je vymahateln\u00fd podle platn\u00fdch pr\u00e1vn\u00edch p\u0159edpis\u016f.<\/p>\n<h2>Rozhodn\u00e9 pr\u00e1vo<\/h2>\n<p>Tyto Podm\u00ednky a va\u0161e pou\u017e\u00edv\u00e1n\u00ed Slu\u017eby se \u0159\u00edd\u00ed z\u00e1kony zem\u011b, s v\u00fdjimkou kolizn\u00edch norem. Va\u0161e pou\u017e\u00edv\u00e1n\u00ed Aplikace m\u016f\u017ee podl\u00e9hat tak\u00e9 dal\u0161\u00edm m\u00edstn\u00edm, st\u00e1tn\u00edm, n\u00e1rodn\u00edm nebo mezin\u00e1rodn\u00edm z\u00e1kon\u016fm.<\/p>\n<h2>\u0158e\u0161en\u00ed spor\u016f<\/h2>\n<p>Pokud m\u00e1te jak\u00e9koli obavy nebo spor ohledn\u011b Slu\u017eby, souhlas\u00edte s t\u00edm, \u017ee se nejprve pokus\u00edte spor vy\u0159e\u0161it neform\u00e1ln\u011b kontaktov\u00e1n\u00edm Spole\u010dnosti.<\/p>\n<h2>Pro u\u017eivatele z Evropsk\u00e9 unie (EU)<\/h2>\n<p>Jste-li spot\u0159ebitelem Evropsk\u00e9 unie, budou se na v\u00e1s vztahovat v\u0161echna z\u00e1vazn\u00e1 ustanoven\u00ed pr\u00e1vn\u00edch p\u0159edpis\u016f zem\u011b, v n\u00ed\u017e m\u00e1te bydli\u0161t\u011b.<\/p>\n<h2>Dodr\u017eov\u00e1n\u00ed pr\u00e1vn\u00edch p\u0159edpis\u016f ve Spojen\u00fdch st\u00e1tech<\/h2>\n<p>Prohla\u0161ujete a zaru\u010dujete, \u017ee (i) se nenach\u00e1z\u00edte v zemi, na kterou vl\u00e1da Spojen\u00fdch st\u00e1t\u016f americk\u00fdch uvalila embargo nebo kter\u00e1 byla vl\u00e1dou Spojen\u00fdch st\u00e1t\u016f americk\u00fdch ozna\u010dena za zemi podporuj\u00edc\u00ed terorismus, a (ii) nejste uvedeni na \u017e\u00e1dn\u00e9m seznamu zak\u00e1zan\u00fdch nebo omezen\u00fdch stran vl\u00e1dy Spojen\u00fdch st\u00e1t\u016f americk\u00fdch.<\/p>\n<h2>Odd\u011blitelnost a vzd\u00e1n\u00ed se pr\u00e1va<\/h2>\n<h3>Odd\u011blitelnost<\/h3>\n<p>Pokud bude n\u011bkter\u00e9 ustanoven\u00ed t\u011bchto Podm\u00ednek shled\u00e1no nevymahateln\u00fdm nebo neplatn\u00fdm, bude takov\u00e9 ustanoven\u00ed zm\u011bn\u011bno a vylo\u017eeno tak, aby bylo dosa\u017eeno c\u00edl\u016f takov\u00e9ho ustanoven\u00ed v co nejv\u011bt\u0161\u00edm mo\u017en\u00e9m rozsahu podle platn\u00fdch pr\u00e1vn\u00edch p\u0159edpis\u016f, a ostatn\u00ed ustanoven\u00ed z\u016fstanou v pln\u00e9 platnosti a \u00fa\u010dinnosti.<\/p>\n<h3>Z\u0159eknut\u00ed se pr\u00e1va<\/h3>\n<p>S v\u00fdjimkou p\u0159\u00edpad\u016f uveden\u00fdch v t\u011bchto Podm\u00ednk\u00e1ch plat\u00ed, \u017ee neuplatn\u011bn\u00ed pr\u00e1va nebo nevy\u017eadov\u00e1n\u00ed pln\u011bn\u00ed povinnosti podle t\u011bchto Podm\u00ednek nem\u00e1 vliv na mo\u017enost strany uplatnit takov\u00e9 pr\u00e1vo nebo vy\u017eadovat takov\u00e9 pln\u011bn\u00ed kdykoli pozd\u011bji, ani z\u0159eknut\u00ed se poru\u0161en\u00ed nep\u0159edstavuje z\u0159eknut\u00ed se jak\u00e9hokoli n\u00e1sledn\u00e9ho poru\u0161en\u00ed.<\/p>\n<h2>P\u0159eklad Tlumo\u010den\u00ed<\/h2>\n<p>Tyto podm\u00ednky mohou b\u00fdt p\u0159elo\u017eeny, pokud jsme v\u00e1m je zp\u0159\u00edstupnili v na\u0161\u00ed slu\u017eb\u011b. Souhlas\u00edte s t\u00edm, \u017ee v p\u0159\u00edpad\u011b sporu m\u00e1 p\u0159ednost p\u016fvodn\u00ed anglick\u00fd text.<\/p>\n<h2>Zm\u011bny t\u011bchto smluvn\u00edch podm\u00ednek<\/h2>\n<p>Vyhrazujeme si pr\u00e1vo tyto podm\u00ednky kdykoli upravit nebo nahradit podle vlastn\u00edho uv\u00e1\u017een\u00ed. Pokud se bude jednat o podstatnou zm\u011bnu, vynalo\u017e\u00edme p\u0159im\u011b\u0159en\u00e9 \u00fasil\u00ed, abychom v\u00e1s o tom informovali alespo\u0148 30 dn\u00ed p\u0159edt\u00edm, ne\u017e nov\u00e9 podm\u00ednky vstoup\u00ed v platnost. O tom, co se pova\u017euje za podstatnou zm\u011bnu, rozhodneme podle na\u0161eho uv\u00e1\u017een\u00ed.<\/p>\n<p>Pokra\u010dov\u00e1n\u00edm v p\u0159\u00edstupu k na\u0161\u00ed slu\u017eb\u011b nebo jej\u00edm pou\u017e\u00edv\u00e1n\u00edm po nabyt\u00ed \u00fa\u010dinnosti t\u011bchto zm\u011bn souhlas\u00edte s t\u00edm, \u017ee se budete \u0159\u00eddit upraven\u00fdmi podm\u00ednkami. Pokud s nov\u00fdmi podm\u00ednkami zcela nebo z\u010d\u00e1sti nesouhlas\u00edte, p\u0159esta\u0148te pros\u00edm webov\u00e9 str\u00e1nky a slu\u017ebu pou\u017e\u00edvat.<\/p>\n<h2>Kontaktujte n\u00e1s<\/h2>\n<p>M\u00e1te-li jak\u00e9koli dotazy t\u00fdkaj\u00edc\u00ed se t\u011bchto smluvn\u00edch podm\u00ednek, m\u016f\u017eete n\u00e1s kontaktovat:<\/p>\n<ul>\n<li>E-mailem: <a href=\"mailto:info@s-wind.online\">info@s-wind.online<\/a><\/li>\n<\/ul>\n","protected":false},"excerpt":{"rendered":"<p>P\u0159ed pou\u017eit\u00edm na\u0161\u00ed slu\u017eby si pros\u00edm pe\u010dliv\u011b p\u0159e\u010dt\u011bte tyto podm\u00ednky. V\u00fdklad a definice V\u00fdklad Slova, jejich\u017e po\u010d\u00e1te\u010dn\u00ed p\u00edsmeno je ps\u00e1no velk\u00fdm p\u00edsmenem, maj\u00ed v\u00fdznam definovan\u00fd za n\u00e1sleduj\u00edc\u00edch podm\u00ednek. N\u00e1sleduj\u00edc\u00ed definice&hellip;<\/p>\n","protected":false},"author":1,"featured_media":0,"parent":0,"menu_order":0,"comment_status":"closed","ping_status":"closed","template":"","meta":{"footnotes":""},"class_list":["post-255","page","type-page","status-publish","hentry"],"_links":{"self":[{"href":"https:\/\/s-wind.online\/index.php?rest_route=\/wp\/v2\/pages\/255","targetHints":{"allow":["GET"]}}],"collection":[{"href":"https:\/\/s-wind.online\/index.php?rest_route=\/wp\/v2\/pages"}],"about":[{"href":"https:\/\/s-wind.online\/index.php?rest_route=\/wp\/v2\/types\/page"}],"author":[{"embeddable":true,"href":"https:\/\/s-wind.online\/index.php?rest_route=\/wp\/v2\/users\/1"}],"replies":[{"embeddable":true,"href":"https:\/\/s-wind.online\/index.php?rest_route=%2Fwp%2Fv2%2Fcomments&post=255"}],"version-history":[{"count":1,"href":"https:\/\/s-wind.online\/index.php?rest_route=\/wp\/v2\/pages\/255\/revisions"}],"predecessor-version":[{"id":256,"href":"https:\/\/s-wind.online\/index.php?rest_route=\/wp\/v2\/pages\/255\/revisions\/256"}],"wp:attachment":[{"href":"https:\/\/s-wind.online\/index.php?rest_route=%2Fwp%2Fv2%2Fmedia&parent=255"}],"curies":[{"name":"wp","href":"https:\/\/api.w.org\/{rel}","templated":true}]}}