{"id":240,"date":"2025-06-16T12:34:44","date_gmt":"2025-06-16T12:34:44","guid":{"rendered":"https:\/\/s-wind.online\/?page_id=240"},"modified":"2025-06-16T12:39:30","modified_gmt":"2025-06-16T12:39:30","slug":"vseobecne-podminky","status":"publish","type":"page","link":"https:\/\/s-wind.online\/?page_id=240","title":{"rendered":"Odm\u00edtnut\u00ed odpov\u011bdnosti"},"content":{"rendered":"<h2>V\u00fdklad a definice<\/h2>\n<h3>V\u00fdklad<\/h3>\n<p>Slova, jejich\u017e po\u010d\u00e1te\u010dn\u00ed p\u00edsmeno je ps\u00e1no velk\u00fdm p\u00edsmenem, maj\u00ed v\u00fdznam definovan\u00fd za n\u00e1sleduj\u00edc\u00edch podm\u00ednek. N\u00e1sleduj\u00edc\u00ed definice maj\u00ed stejn\u00fd v\u00fdznam bez ohledu na to, zda jsou uvedeny v jednotn\u00e9m nebo mno\u017en\u00e9m \u010d\u00edsle.<\/p>\n<h3>Definice<\/h3>\n<p>Pro \u00fa\u010dely tohoto Prohl\u00e1\u0161en\u00ed o vylou\u010den\u00ed odpov\u011bdnosti:<\/p>\n<ul>\n<li><strong>Spole\u010dnost<\/strong> (v tomto prohl\u00e1\u0161en\u00ed o vylou\u010den\u00ed odpov\u011bdnosti ozna\u010dovan\u00e1 jako &#8222;spole\u010dnost&#8220;, &#8222;my&#8220;, &#8222;n\u00e1s&#8220; nebo &#8222;na\u0161e&#8220;) se vztahuje na SolarWind Token s.r.o., D\u011b\u010d\u00ednsk\u00e1 552\/1, St\u0159\u00ed\u017ekov, 180 00 Praha 8.<\/li>\n<li><strong>Slu\u017eba<\/strong> se vztahuje na Webov\u00e9 str\u00e1nky.<\/li>\n<li><strong>Vy<\/strong> znamen\u00e1 fyzickou osobu, kter\u00e1 p\u0159istupuje ke Slu\u017eb\u011b, nebo spole\u010dnost, p\u0159\u00edpadn\u011b jinou pr\u00e1vnickou osobu, jej\u00edm\u017e jm\u00e9nem tato osoba p\u0159istupuje ke Slu\u017eb\u011b nebo ji pou\u017e\u00edv\u00e1.<\/li>\n<li><strong>Webov\u00e9 str\u00e1nky<\/strong> odkazuj\u00ed na SolarWind Token s.r.o., dostupn\u00e9 z <a href=\"https:\/\/s-wind.online\/\" target=\"_blank\" rel=\"external nofollow noopener\">https:\/\/s-wind.online\/<\/a>.<\/li>\n<\/ul>\n<h2>Odm\u00edtnut\u00ed odpov\u011bdnosti<\/h2>\n<p>Informace obsa\u017een\u00e9 ve slu\u017eb\u011b slou\u017e\u00ed pouze k obecn\u00fdm informa\u010dn\u00edm \u00fa\u010del\u016fm.<\/p>\n<p>Spole\u010dnost nenese \u017e\u00e1dnou odpov\u011bdnost za chyby nebo opomenut\u00ed v obsahu slu\u017eby.<\/p>\n<p>Spole\u010dnost v \u017e\u00e1dn\u00e9m p\u0159\u00edpad\u011b neodpov\u00edd\u00e1 za \u017e\u00e1dn\u00e9 zvl\u00e1\u0161tn\u00ed, p\u0159\u00edm\u00e9, nep\u0159\u00edm\u00e9, n\u00e1sledn\u00e9 nebo n\u00e1hodn\u00e9 \u0161kody ani za \u017e\u00e1dn\u00e9 jin\u00e9 \u0161kody, a\u0165 u\u017e na z\u00e1klad\u011b smlouvy, nedbalosti nebo jin\u00e9ho deliktu, kter\u00e9 vznikly v d\u016fsledku pou\u017e\u00edv\u00e1n\u00ed Slu\u017eby nebo jej\u00edho obsahu nebo v souvislosti s nimi. Spole\u010dnost si vyhrazuje pr\u00e1vo kdykoli a bez p\u0159edchoz\u00edho upozorn\u011bn\u00ed dopl\u0148ovat, odstra\u0148ovat nebo upravovat obsah Slu\u017eby.<\/p>\n<p>Spole\u010dnost nezaru\u010duje, \u017ee Slu\u017eba neobsahuje viry ani jin\u00e9 \u0161kodliv\u00e9 sou\u010d\u00e1sti.<\/p>\n<h2>Z\u0159eknut\u00ed se odpov\u011bdnosti za l\u00e9ka\u0159sk\u00e9 informace<\/h2>\n<p>Informace o zdrav\u00ed poskytovan\u00e9 slu\u017ebou nejsou ur\u010deny k diagnostice, l\u00e9\u010db\u011b, vyl\u00e9\u010den\u00ed nebo prevenci onemocn\u011bn\u00ed. Produkty, slu\u017eby, informace a dal\u0161\u00ed obsah poskytovan\u00fd Slu\u017ebou, v\u010detn\u011b informac\u00ed odkazuj\u00edc\u00edch na webov\u00e9 str\u00e1nky t\u0159et\u00edch stran, jsou poskytov\u00e1ny pouze pro informa\u010dn\u00ed \u00fa\u010dely.<\/p>\n<p>Informace nab\u00edzen\u00e9 slu\u017ebou nejsou vy\u010derp\u00e1vaj\u00edc\u00ed a nepokr\u00fdvaj\u00ed v\u0161echny nemoci, pot\u00ed\u017ee, fyzick\u00e9 stavy nebo jejich l\u00e9\u010dbu.<\/p>\n<p>Jednotlivci jsou r\u016fzn\u00ed a mohou na r\u016fzn\u00e9 produkty reagovat r\u016fzn\u011b. Koment\u00e1\u0159e zam\u011bstnanc\u016f nebo jin\u00fdch u\u017eivatel\u016f ke slu\u017eb\u011b jsou v\u00fdhradn\u011b jejich osobn\u00edmi n\u00e1zory, kter\u00e9 vyj\u00e1d\u0159ili jako soukrom\u00e9 osoby, a nejsou tvrzen\u00edmi spole\u010dnosti ani nep\u0159edstavuj\u00ed postoj nebo n\u00e1zor spole\u010dnosti.<\/p>\n<p>Spole\u010dnost neodpov\u00edd\u00e1 za \u017e\u00e1dn\u00e9 informace poskytovan\u00e9 slu\u017ebou, pokud jde o doporu\u010den\u00ed t\u00fdkaj\u00edc\u00ed se dopl\u0148k\u016f stravy pro jak\u00e9koli zdravotn\u00ed \u00fa\u010dely.<\/p>\n<p>Spole\u010dnost neposkytuje \u017e\u00e1dnou z\u00e1ruku na prod\u00e1van\u00e9 produkty nebo slu\u017eby. Spole\u010dnost neodpov\u00edd\u00e1 za \u017e\u00e1dn\u00e9 \u0161kody za poskytnut\u00e9 informace nebo slu\u017eby, a to ani v p\u0159\u00edpad\u011b, \u017ee byla na mo\u017enost vzniku \u0161kody upozorn\u011bna.<\/p>\n<h2>Fitness a nutri\u010dn\u00ed informace Odm\u00edtnut\u00ed odpov\u011bdnosti<\/h2>\n<p>Slu\u017eba m\u016f\u017ee nab\u00edzet informace o zdrav\u00ed, kondici a v\u00fd\u017eiv\u011b, mimo jin\u00e9 v\u010detn\u011b rad a doporu\u010den\u00ed, kter\u00e9 jsou poskytov\u00e1ny v\u00fdhradn\u011b pro v\u0161eobecn\u00e9 vzd\u011bl\u00e1vac\u00ed a informa\u010dn\u00ed \u00fa\u010dely.<\/p>\n<p>Pou\u017eit\u00ed rad a informac\u00ed zde obsa\u017een\u00fdch je na va\u0161e vlastn\u00ed rozhodnut\u00ed a riziko. Na tyto informace se nesm\u00edte spol\u00e9hat jako na n\u00e1hradu odborn\u00e9ho l\u00e9ka\u0159sk\u00e9ho poradenstv\u00ed, diagn\u00f3zy nebo l\u00e9\u010dby. P\u0159ed zah\u00e1jen\u00edm jak\u00e9hokoli v\u00fd\u017eivov\u00e9ho nebo cvi\u010debn\u00edho programu se v\u017edy pora\u010fte se sv\u00fdm l\u00e9ka\u0159em nebo poskytovatelem zdravotn\u00ed p\u00e9\u010de.<\/p>\n<p>Pokud se rozhodnete tyto informace pou\u017e\u00edt bez p\u0159edchoz\u00edho souhlasu sv\u00e9ho l\u00e9ka\u0159e, souhlas\u00edte s t\u00edm, \u017ee za sv\u00e1 rozhodnut\u00ed ponesete plnou odpov\u011bdnost a zavazujete se, \u017ee spole\u010dnost ochr\u00e1n\u00edte p\u0159ed \u0161kodami.<\/p>\n<h2>Z\u0159eknut\u00ed se odpov\u011bdnosti za extern\u00ed odkazy<\/h2>\n<p>Slu\u017eba m\u016f\u017ee obsahovat odkazy na extern\u00ed webov\u00e9 str\u00e1nky, kter\u00e9 nejsou poskytov\u00e1ny ani spravov\u00e1ny spole\u010dnost\u00ed, ani s n\u00ed nejsou nijak spojeny.<\/p>\n<p>Upozor\u0148ujeme, \u017ee spole\u010dnost neru\u010d\u00ed za p\u0159esnost, relevanci, aktu\u00e1lnost ani \u00faplnost jak\u00fdchkoli informac\u00ed na t\u011bchto extern\u00edch webov\u00fdch str\u00e1nk\u00e1ch.<\/p>\n<h2>Z\u0159eknut\u00ed se odpov\u011bdnosti za reklamu<\/h2>\n<p>P\u0159i pou\u017e\u00edv\u00e1n\u00ed Slu\u017eby se mohou zobrazovat tak\u00e9 reklamy t\u0159et\u00edch stran a odkazy na webov\u00e9 str\u00e1nky t\u0159et\u00edch stran. Spole\u010dnost neposkytuje \u017e\u00e1dn\u00e9 z\u00e1ruky ohledn\u011b p\u0159esnosti nebo vhodnosti jak\u00fdchkoli informac\u00ed obsa\u017een\u00fdch v t\u011bchto reklam\u00e1ch nebo na webov\u00fdch str\u00e1nk\u00e1ch a nep\u0159eb\u00edr\u00e1 \u017e\u00e1dnou odpov\u011bdnost za chov\u00e1n\u00ed nebo obsah t\u011bchto reklam a webov\u00fdch str\u00e1nek a nab\u00eddek t\u0159et\u00edch stran.<\/p>\n<p>Reklamy t\u0159et\u00edch stran a odkazy na jin\u00e9 webov\u00e9 str\u00e1nky, na kter\u00fdch je inzerov\u00e1no zbo\u017e\u00ed nebo slu\u017eby, nep\u0159edstavuj\u00ed podporu nebo doporu\u010den\u00ed t\u011bchto str\u00e1nek, zbo\u017e\u00ed nebo slu\u017eeb ze strany spole\u010dnosti. Spole\u010dnost nenese \u017e\u00e1dnou odpov\u011bdnost za obsah reklam, sliby nebo kvalitu\/spolehlivost v\u00fdrobk\u016f \u010di slu\u017eeb nab\u00edzen\u00fdch ve v\u0161ech reklam\u00e1ch.<\/p>\n<h2>Z\u0159eknut\u00ed se odpov\u011bdnosti za chyby a opomenut\u00ed<\/h2>\n<p>Informace poskytovan\u00e9 slu\u017ebou slou\u017e\u00ed pouze jako obecn\u00e9 vod\u00edtko v z\u00e1jmov\u00fdch z\u00e1le\u017eitostech. I kdy\u017e Spole\u010dnost u\u010din\u00ed ve\u0161ker\u00e1 opat\u0159en\u00ed, aby zajistila aktu\u00e1lnost a p\u0159esnost obsahu Slu\u017eby, m\u016f\u017ee doj\u00edt k chyb\u00e1m. Nav\u00edc vzhledem k m\u011bn\u00edc\u00ed se povaze z\u00e1kon\u016f, pravidel a p\u0159edpis\u016f m\u016f\u017ee doj\u00edt ke zpo\u017ed\u011bn\u00ed, opomenut\u00ed nebo nep\u0159esnostem v informac\u00edch obsa\u017een\u00fdch ve Slu\u017eb\u011b.<\/p>\n<p>Spole\u010dnost neodpov\u00edd\u00e1 za \u017e\u00e1dn\u00e9 chyby nebo opomenut\u00ed ani za v\u00fdsledky z\u00edskan\u00e9 p\u0159i pou\u017eit\u00ed t\u011bchto informac\u00ed.<\/p>\n<h2>Prohl\u00e1\u0161en\u00ed o spravedliv\u00e9m pou\u017eit\u00ed<\/h2>\n<p>Spole\u010dnost m\u016f\u017ee pou\u017e\u00edt materi\u00e1l chr\u00e1n\u011bn\u00fd autorsk\u00fdmi pr\u00e1vy, kter\u00fd nebyl v\u017edy v\u00fdslovn\u011b schv\u00e1len vlastn\u00edkem autorsk\u00fdch pr\u00e1v. Spole\u010dnost takov\u00fd materi\u00e1l zp\u0159\u00edstup\u0148uje pro \u00fa\u010dely kritiky, koment\u00e1\u0159\u016f, zpravodajstv\u00ed, v\u00fduky, v\u011bdy nebo v\u00fdzkumu.<\/p>\n<p>Spole\u010dnost se domn\u00edv\u00e1, \u017ee se jedn\u00e1 o &#8222;spravedliv\u00e9 pou\u017eit\u00ed&#8220; jak\u00e9hokoli takov\u00e9ho materi\u00e1lu chr\u00e1n\u011bn\u00e9ho autorsk\u00fdmi pr\u00e1vy, jak je stanoveno v \u010dl\u00e1nku 107 z\u00e1kona Spojen\u00fdch st\u00e1t\u016f americk\u00fdch o autorsk\u00fdch pr\u00e1vech.<\/p>\n<p>Pokud chcete pou\u017e\u00edt materi\u00e1l chr\u00e1n\u011bn\u00fd autorsk\u00fdmi pr\u00e1vy ze Slu\u017eby pro sv\u00e9 vlastn\u00ed \u00fa\u010dely, kter\u00e9 p\u0159esahuj\u00ed r\u00e1mec spravedliv\u00e9ho pou\u017eit\u00ed, mus\u00edte z\u00edskat povolen\u00ed od vlastn\u00edka autorsk\u00fdch pr\u00e1v.<\/p>\n<h2>Vyj\u00e1d\u0159en\u00e9 n\u00e1zory Z\u0159eknut\u00ed se odpov\u011bdnosti<\/h2>\n<p>Slu\u017eba m\u016f\u017ee obsahovat n\u00e1zory a stanoviska, kter\u00e9 jsou n\u00e1zory autor\u016f a nemus\u00ed nutn\u011b odr\u00e1\u017eet ofici\u00e1ln\u00ed politiku nebo postoj jak\u00e9hokoli jin\u00e9ho autora, agentury, organizace, zam\u011bstnavatele nebo spole\u010dnosti, v\u010detn\u011b spole\u010dnosti.<\/p>\n<p>Za koment\u00e1\u0159e zve\u0159ejn\u011bn\u00e9 u\u017eivateli nesou v\u00fdhradn\u00ed odpov\u011bdnost a u\u017eivatel\u00e9 nesou plnou zodpov\u011bdnost za jakoukoli pomluvu nebo soudn\u00ed spor, kter\u00fd vznikne v d\u016fsledku n\u011b\u010deho napsan\u00e9ho v koment\u00e1\u0159i nebo jako p\u0159\u00edm\u00fd d\u016fsledek n\u011b\u010deho napsan\u00e9ho v koment\u00e1\u0159i. Spole\u010dnost nenese odpov\u011bdnost za koment\u00e1\u0159e zve\u0159ejn\u011bn\u00e9 u\u017eivateli a vyhrazuje si pr\u00e1vo odstranit jak\u00fdkoli koment\u00e1\u0159 z jak\u00e9hokoli d\u016fvodu.<\/p>\n<h2>Z\u0159eknut\u00ed se odpov\u011bdnosti<\/h2>\n<p>Informace o Slu\u017eb\u011b jsou poskytov\u00e1ny s v\u011bdom\u00edm, \u017ee Spole\u010dnost se zde nezab\u00fdv\u00e1 poskytov\u00e1n\u00edm pr\u00e1vn\u00edch, \u00fa\u010detn\u00edch, da\u0148ov\u00fdch ani jin\u00fdch odborn\u00fdch rad a slu\u017eeb. Jako takov\u00e9 by nem\u011bly b\u00fdt pou\u017e\u00edv\u00e1ny jako n\u00e1hrada konzultace s profesion\u00e1ln\u00edmi \u00fa\u010detn\u00edmi, da\u0148ov\u00fdmi, pr\u00e1vn\u00edmi nebo jin\u00fdmi kompetentn\u00edmi poradci.<\/p>\n<p>Spole\u010dnost ani jej\u00ed dodavatel\u00e9 v \u017e\u00e1dn\u00e9m p\u0159\u00edpad\u011b nenesou odpov\u011bdnost za jak\u00e9koli zvl\u00e1\u0161tn\u00ed, n\u00e1hodn\u00e9, nep\u0159\u00edm\u00e9 nebo n\u00e1sledn\u00e9 \u0161kody vznikl\u00e9 v souvislosti s va\u0161\u00edm p\u0159\u00edstupem, pou\u017e\u00edv\u00e1n\u00edm nebo nemo\u017enost\u00ed p\u0159\u00edstupu ke slu\u017eb\u011b nebo jej\u00edho pou\u017e\u00edv\u00e1n\u00ed.<\/p>\n<h2>Z\u0159eknut\u00ed se odpov\u011bdnosti &#8222;Pou\u017e\u00edv\u00e1n\u00ed na vlastn\u00ed nebezpe\u010d\u00ed&#8220;<\/h2>\n<p>Ve\u0161ker\u00e9 informace ve slu\u017eb\u011b jsou poskytov\u00e1ny &#8222;tak, jak jsou&#8220;, bez z\u00e1ruky \u00faplnosti, p\u0159esnosti, v\u010dasnosti nebo v\u00fdsledk\u016f z\u00edskan\u00fdch p\u0159i pou\u017eit\u00ed t\u011bchto informac\u00ed a bez jak\u00e9koli z\u00e1ruky, v\u00fdslovn\u00e9 nebo p\u0159edpokl\u00e1dan\u00e9, v\u010detn\u011b, ale bez omezen\u00ed na z\u00e1ruky v\u00fdkonnosti, prodejnosti a vhodnosti pro ur\u010dit\u00fd \u00fa\u010del.<\/p>\n<p>Spole\u010dnost nenese v\u016f\u010di v\u00e1m ani komukoli jin\u00e9mu odpov\u011bdnost za jak\u00e9koli rozhodnut\u00ed nebo akci u\u010din\u011bnou na z\u00e1klad\u011b informac\u00ed poskytnut\u00fdch slu\u017ebou ani za jak\u00e9koli n\u00e1sledn\u00e9, zvl\u00e1\u0161tn\u00ed nebo podobn\u00e9 \u0161kody, a to ani v p\u0159\u00edpad\u011b, \u017ee byla na mo\u017enost vzniku takov\u00fdch \u0161kod upozorn\u011bna.<\/p>\n<h2>Kontaktujte n\u00e1s<\/h2>\n<p>M\u00e1te-li jak\u00e9koli dotazy t\u00fdkaj\u00edc\u00ed se tohoto Prohl\u00e1\u0161en\u00ed o vylou\u010den\u00ed odpov\u011bdnosti, m\u016f\u017eete n\u00e1s kontaktovat:<\/p>\n<ul>\n<li>E-mailem: <a href=\"mailto:info@s-wind.online\">info@s-wind.online<\/a><\/li>\n<\/ul>\n","protected":false},"excerpt":{"rendered":"<p>V\u00fdklad a definice V\u00fdklad Slova, jejich\u017e po\u010d\u00e1te\u010dn\u00ed p\u00edsmeno je ps\u00e1no velk\u00fdm p\u00edsmenem, maj\u00ed v\u00fdznam definovan\u00fd za n\u00e1sleduj\u00edc\u00edch podm\u00ednek. N\u00e1sleduj\u00edc\u00ed definice maj\u00ed stejn\u00fd v\u00fdznam bez ohledu na to, zda jsou uvedeny&hellip;<\/p>\n","protected":false},"author":1,"featured_media":0,"parent":0,"menu_order":0,"comment_status":"closed","ping_status":"closed","template":"","meta":{"footnotes":""},"class_list":["post-240","page","type-page","status-publish","hentry"],"_links":{"self":[{"href":"https:\/\/s-wind.online\/index.php?rest_route=\/wp\/v2\/pages\/240","targetHints":{"allow":["GET"]}}],"collection":[{"href":"https:\/\/s-wind.online\/index.php?rest_route=\/wp\/v2\/pages"}],"about":[{"href":"https:\/\/s-wind.online\/index.php?rest_route=\/wp\/v2\/types\/page"}],"author":[{"embeddable":true,"href":"https:\/\/s-wind.online\/index.php?rest_route=\/wp\/v2\/users\/1"}],"replies":[{"embeddable":true,"href":"https:\/\/s-wind.online\/index.php?rest_route=%2Fwp%2Fv2%2Fcomments&post=240"}],"version-history":[{"count":2,"href":"https:\/\/s-wind.online\/index.php?rest_route=\/wp\/v2\/pages\/240\/revisions"}],"predecessor-version":[{"id":253,"href":"https:\/\/s-wind.online\/index.php?rest_route=\/wp\/v2\/pages\/240\/revisions\/253"}],"wp:attachment":[{"href":"https:\/\/s-wind.online\/index.php?rest_route=%2Fwp%2Fv2%2Fmedia&parent=240"}],"curies":[{"name":"wp","href":"https:\/\/api.w.org\/{rel}","templated":true}]}}