{"id":238,"date":"2025-06-16T12:34:19","date_gmt":"2025-06-16T12:34:19","guid":{"rendered":"https:\/\/s-wind.online\/?page_id=238"},"modified":"2025-06-16T12:39:15","modified_gmt":"2025-06-16T12:39:15","slug":"soubory-cookie","status":"publish","type":"page","link":"https:\/\/s-wind.online\/?page_id=238","title":{"rendered":"Soubory cookie"},"content":{"rendered":"<p>Tyto Z\u00e1sady pou\u017e\u00edv\u00e1n\u00ed soubor\u016f cookie vysv\u011btluj\u00ed, co jsou soubory cookie a jak je pou\u017e\u00edv\u00e1me. M\u011bli byste si tyto z\u00e1sady p\u0159e\u010d\u00edst, abyste pochopili, jak\u00fd typ soubor\u016f cookie pou\u017e\u00edv\u00e1me nebo jak\u00e9 informace pomoc\u00ed soubor\u016f cookie shroma\u017e\u010fujeme a jak jsou tyto informace pou\u017e\u00edv\u00e1ny.<\/p>\n<p>Soubory cookie obvykle neobsahuj\u00ed \u017e\u00e1dn\u00e9 informace, kter\u00e9 by osobn\u011b identifikovaly u\u017eivatele, ale osobn\u00ed \u00fadaje, kter\u00e9 o v\u00e1s ukl\u00e1d\u00e1me, mohou b\u00fdt spojeny s informacemi ulo\u017een\u00fdmi v souborech cookie a z\u00edskan\u00fdmi z nich. Dal\u0161\u00ed informace o tom, jak pou\u017e\u00edv\u00e1me, uchov\u00e1v\u00e1me a zabezpe\u010dujeme va\u0161e osobn\u00ed \u00fadaje, naleznete v na\u0161ich Z\u00e1sad\u00e1ch ochrany osobn\u00edch \u00fadaj\u016f.<\/p>\n<p>V souborech cookie, kter\u00e9 pou\u017e\u00edv\u00e1me, neukl\u00e1d\u00e1me citliv\u00e9 osobn\u00ed \u00fadaje, jako jsou po\u0161tovn\u00ed adresy, hesla k \u00fa\u010dt\u016fm atd..<\/p>\n<h2>V\u00fdklad a definice<\/h2>\n<h3>V\u00fdklad<\/h3>\n<p>Slova, jejich\u017e po\u010d\u00e1te\u010dn\u00ed p\u00edsmeno je ps\u00e1no velk\u00fdm p\u00edsmenem, maj\u00ed v\u00fdznam definovan\u00fd za n\u00e1sleduj\u00edc\u00edch podm\u00ednek. N\u00e1sleduj\u00edc\u00ed definice maj\u00ed stejn\u00fd v\u00fdznam bez ohledu na to, zda jsou uvedeny v jednotn\u00e9m nebo mno\u017en\u00e9m \u010d\u00edsle.<\/p>\n<h3>Definice<\/h3>\n<p>Pro \u00fa\u010dely t\u011bchto Z\u00e1sad pou\u017e\u00edv\u00e1n\u00ed soubor\u016f cookie:<\/p>\n<ul>\n<li><strong>Spole\u010dnost<\/strong> (v t\u011bchto z\u00e1sad\u00e1ch pou\u017e\u00edv\u00e1n\u00ed soubor\u016f cookie ozna\u010dovan\u00e1 jako &#8222;spole\u010dnost&#8220;, &#8222;my&#8220;, &#8222;n\u00e1s&#8220; nebo &#8222;na\u0161e&#8220;) se vztahuje na SolarWind Token s.r.o., D\u011b\u010d\u00ednsk\u00e1 552\/1, St\u0159\u00ed\u017ekov, 180 00 Praha 8.<\/li>\n<li><strong>Soubory cookie<\/strong> se rozum\u00ed mal\u00e9 soubory, kter\u00e9 webov\u00e9 str\u00e1nky ukl\u00e1daj\u00ed do va\u0161eho po\u010d\u00edta\u010de, mobiln\u00edho za\u0159\u00edzen\u00ed nebo jin\u00e9ho za\u0159\u00edzen\u00ed a kter\u00e9 obsahuj\u00ed mimo jin\u00e9 \u00fadaje o historii va\u0161eho prohl\u00ed\u017een\u00ed na t\u011bchto webov\u00fdch str\u00e1nk\u00e1ch.<\/li>\n<li><strong>Webov\u00e9 str\u00e1nky<\/strong> odkazuj\u00ed na SolarWind Token s.r.o., dostupn\u00e9 z <a href=\"https:\/\/s-wind.online\" target=\"_blank\" rel=\"external nofollow noopener\">https:\/\/s-wind.online\/<\/a>.<\/li>\n<li><strong>V\u00e1mi se<\/strong> rozum\u00ed fyzick\u00e1 osoba, kter\u00e1 p\u0159istupuje k Webov\u00fdm str\u00e1nk\u00e1m nebo je pou\u017e\u00edv\u00e1, p\u0159\u00edpadn\u011b spole\u010dnost nebo jak\u00e1koli pr\u00e1vnick\u00e1 osoba, jej\u00edm\u017e jm\u00e9nem takov\u00e1 osoba p\u0159istupuje k Webov\u00fdm str\u00e1nk\u00e1m nebo je pou\u017e\u00edv\u00e1.<\/li>\n<\/ul>\n<h2>Pou\u017e\u00edv\u00e1n\u00ed soubor\u016f cookie<\/h2>\n<h3>Typ soubor\u016f cookie, kter\u00e9 pou\u017e\u00edv\u00e1me<\/h3>\n<p>Soubory cookie mohou b\u00fdt &#8222;trval\u00e9&#8220; nebo &#8222;rela\u010dn\u00ed&#8220;. Trval\u00e9 soubory cookie z\u016fst\u00e1vaj\u00ed ve va\u0161em osobn\u00edm po\u010d\u00edta\u010di nebo mobiln\u00edm za\u0159\u00edzen\u00ed, kdy\u017e p\u0159ejdete do re\u017eimu offline, zat\u00edmco rela\u010dn\u00ed soubory cookie se vyma\u017eou, jakmile zav\u0159ete webov\u00fd prohl\u00ed\u017ee\u010d.<\/p>\n<p>Pro \u00fa\u010dely uveden\u00e9 n\u00ed\u017ee pou\u017e\u00edv\u00e1me jak rela\u010dn\u00ed, tak trval\u00e9 soubory cookie:<\/p>\n<ul>\n<li><strong>Nezbytn\u00e9 \/ nezbytn\u00e9 soubory cookie<\/strong>\n<p>Typ: Soubory cookie relace<\/p>\n<p>Spravuje: Us<\/p>\n<p>\u00da\u010del: Tyto soubory cookie jsou nezbytn\u00e9 k tomu, aby v\u00e1m mohly b\u00fdt poskytov\u00e1ny slu\u017eby dostupn\u00e9 prost\u0159ednictv\u00edm webov\u00fdch str\u00e1nek a abyste mohli vyu\u017e\u00edvat n\u011bkter\u00e9 jejich funkce. Pom\u00e1haj\u00ed ov\u011b\u0159ovat u\u017eivatele a zabra\u0148uj\u00ed podvodn\u00e9mu pou\u017e\u00edv\u00e1n\u00ed u\u017eivatelsk\u00fdch \u00fa\u010dt\u016f. Bez t\u011bchto soubor\u016f cookie nelze poskytovat slu\u017eby, o kter\u00e9 jste po\u017e\u00e1dali, a my tyto soubory cookie pou\u017e\u00edv\u00e1me pouze k tomu, abychom v\u00e1m tyto slu\u017eby mohli poskytovat.<\/li>\n<li><strong>Funk\u010dnost Soubory cookie<\/strong>\n<p>Typ: Trval\u00e9 soubory cookie<\/p>\n<p>Spravuje: Us<\/p>\n<p>\u00da\u010del: Tyto soubory cookie n\u00e1m umo\u017e\u0148uj\u00ed zapamatovat si volby, kter\u00e9 jste u\u010dinili p\u0159i pou\u017e\u00edv\u00e1n\u00ed webov\u00fdch str\u00e1nek, nap\u0159\u00edklad zapamatovat si va\u0161e p\u0159ihla\u0161ovac\u00ed \u00fadaje nebo p\u0159edvolbu jazyka. \u00da\u010delem t\u011bchto soubor\u016f cookie je poskytnout V\u00e1m osobn\u011bj\u0161\u00ed z\u00e1\u017eitek a zabr\u00e1nit tomu, abyste museli p\u0159i ka\u017ed\u00e9m pou\u017eit\u00ed Webov\u00fdch str\u00e1nek znovu zad\u00e1vat sv\u00e9 preference.<\/li>\n<li><strong>Sledovac\u00ed a v\u00fdkonnostn\u00ed soubory cookie<\/strong>\n<p>Typ: Trval\u00e9 soubory cookie<\/p>\n<p>Spravuje: T\u0159et\u00ed strany<\/p>\n<p>\u00da\u010del: Tyto soubory cookie se pou\u017e\u00edvaj\u00ed ke sledov\u00e1n\u00ed informac\u00ed o n\u00e1v\u0161t\u011bvnosti webov\u00fdch str\u00e1nek a o tom, jak u\u017eivatel\u00e9 webov\u00e9 str\u00e1nky pou\u017e\u00edvaj\u00ed. Informace shrom\u00e1\u017ed\u011bn\u00e9 prost\u0159ednictv\u00edm t\u011bchto soubor\u016f cookie v\u00e1s mohou p\u0159\u00edmo \u010di nep\u0159\u00edmo identifikovat jako individu\u00e1ln\u00edho n\u00e1v\u0161t\u011bvn\u00edka. Je tomu tak proto, \u017ee shrom\u00e1\u017ed\u011bn\u00e9 informace jsou obvykle spojeny s pseudonymn\u00edm identifik\u00e1torem spojen\u00fdm se za\u0159\u00edzen\u00edm, kter\u00e9 pou\u017e\u00edv\u00e1te k p\u0159\u00edstupu na Webov\u00e9 str\u00e1nky. Tyto soubory cookie m\u016f\u017eeme tak\u00e9 pou\u017e\u00edvat k testov\u00e1n\u00ed nov\u00fdch reklam, str\u00e1nek, funkc\u00ed nebo nov\u00fdch funkc\u00ed Webov\u00fdch str\u00e1nek, abychom zjistili, jak na n\u011b na\u0161i u\u017eivatel\u00e9 reaguj\u00ed.<\/li>\n<\/ul>\n<h3>Va\u0161e volby t\u00fdkaj\u00edc\u00ed se soubor\u016f cookie<\/h3>\n<p>Pokud se chcete vyhnout pou\u017e\u00edv\u00e1n\u00ed soubor\u016f cookie na webov\u00fdch str\u00e1nk\u00e1ch, mus\u00edte nejprve zak\u00e1zat pou\u017e\u00edv\u00e1n\u00ed soubor\u016f cookie ve sv\u00e9m prohl\u00ed\u017ee\u010di a pot\u00e9 vymazat soubory cookie ulo\u017een\u00e9 ve va\u0161em prohl\u00ed\u017ee\u010di a spojen\u00e9 s t\u011bmito webov\u00fdmi str\u00e1nkami. Tuto mo\u017enost zabr\u00e1n\u011bn\u00ed pou\u017e\u00edv\u00e1n\u00ed soubor\u016f Cookies m\u016f\u017eete kdykoli pou\u017e\u00edt.<\/p>\n<p>Pokud na\u0161e soubory cookie nep\u0159ijmete, m\u016f\u017ee doj\u00edt k ur\u010dit\u00fdm nep\u0159\u00edjemnostem p\u0159i pou\u017e\u00edv\u00e1n\u00ed Webov\u00fdch str\u00e1nek a n\u011bkter\u00e9 funkce nemus\u00ed fungovat spr\u00e1vn\u011b.<\/p>\n<p>Pokud chcete odstranit soubory cookie nebo d\u00e1t sv\u00e9mu webov\u00e9mu prohl\u00ed\u017ee\u010di pokyn k odstran\u011bn\u00ed nebo odm\u00edtnut\u00ed soubor\u016f cookie, nav\u0161tivte str\u00e1nky n\u00e1pov\u011bdy sv\u00e9ho webov\u00e9ho prohl\u00ed\u017ee\u010de.<\/p>\n<p>Pro jak\u00fdkoli jin\u00fd webov\u00fd prohl\u00ed\u017ee\u010d nav\u0161tivte ofici\u00e1ln\u00ed webov\u00e9 str\u00e1nky sv\u00e9ho prohl\u00ed\u017ee\u010de.<\/p>\n<h3>Kontaktujte n\u00e1s<\/h3>\n<p>M\u00e1te-li jak\u00e9koli dotazy t\u00fdkaj\u00edc\u00ed se t\u011bchto z\u00e1sad pou\u017e\u00edv\u00e1n\u00ed soubor\u016f cookie, m\u016f\u017eete n\u00e1s kontaktovat:<\/p>\n<ul>\n<li>E-mailem: <a href=\"mailto:info@s-wind.online\">info@s-wind.online<\/a><\/li>\n<\/ul>\n","protected":false},"excerpt":{"rendered":"<p>Tyto Z\u00e1sady pou\u017e\u00edv\u00e1n\u00ed soubor\u016f cookie vysv\u011btluj\u00ed, co jsou soubory cookie a jak je pou\u017e\u00edv\u00e1me. M\u011bli byste si tyto z\u00e1sady p\u0159e\u010d\u00edst, abyste pochopili, jak\u00fd typ soubor\u016f cookie pou\u017e\u00edv\u00e1me nebo jak\u00e9 informace&hellip;<\/p>\n","protected":false},"author":1,"featured_media":0,"parent":0,"menu_order":0,"comment_status":"closed","ping_status":"closed","template":"","meta":{"footnotes":""},"class_list":["post-238","page","type-page","status-publish","hentry"],"_links":{"self":[{"href":"https:\/\/s-wind.online\/index.php?rest_route=\/wp\/v2\/pages\/238","targetHints":{"allow":["GET"]}}],"collection":[{"href":"https:\/\/s-wind.online\/index.php?rest_route=\/wp\/v2\/pages"}],"about":[{"href":"https:\/\/s-wind.online\/index.php?rest_route=\/wp\/v2\/types\/page"}],"author":[{"embeddable":true,"href":"https:\/\/s-wind.online\/index.php?rest_route=\/wp\/v2\/users\/1"}],"replies":[{"embeddable":true,"href":"https:\/\/s-wind.online\/index.php?rest_route=%2Fwp%2Fv2%2Fcomments&post=238"}],"version-history":[{"count":2,"href":"https:\/\/s-wind.online\/index.php?rest_route=\/wp\/v2\/pages\/238\/revisions"}],"predecessor-version":[{"id":252,"href":"https:\/\/s-wind.online\/index.php?rest_route=\/wp\/v2\/pages\/238\/revisions\/252"}],"wp:attachment":[{"href":"https:\/\/s-wind.online\/index.php?rest_route=%2Fwp%2Fv2%2Fmedia&parent=238"}],"curies":[{"name":"wp","href":"https:\/\/api.w.org\/{rel}","templated":true}]}}